{"id":2347,"date":"2024-02-02T18:01:19","date_gmt":"2024-02-02T17:01:19","guid":{"rendered":"https:\/\/atelierencredible.fr\/?post_type=product&#038;p=2347"},"modified":"2024-02-16T12:39:19","modified_gmt":"2024-02-16T11:39:19","slug":"voyage-voyage-irlande-image-serigraphiee","status":"publish","type":"product","link":"https:\/\/atelierencredible.fr\/index.php\/produit\/voyage-voyage-irlande-image-serigraphiee\/","title":{"rendered":"VOYAGE VOYAGE &#8211; Irlande"},"content":{"rendered":"<p>D\u00e9couvrez cette image s\u00e9rigraphi\u00e9e d&rsquo;un souvenir color\u00e9 venant d&rsquo;Irlande. Superposition des encres pour faire appara\u00eetre une troisi\u00e8me couleur dans l&rsquo;illustration.<\/p>\n<p>Toutes nos couleurs sont fabriqu\u00e9es \u00e0 l&rsquo;atelier, avec des ingr\u00e9dients \u00e9cologiques et sans polluants. Nous s\u00e9lectionnons avec soin nos pigments v\u00e9g\u00e9taux et min\u00e9raux, pour vous proposer des couleurs lumineuses et durables dans le temps.<\/p>\n<p>Tirage unique format A4 en s\u00e9rigraphie, limit\u00e9 \u00e0 30 exemplaires sign\u00e9s et num\u00e9rot\u00e9s. Image s\u00e9rigraphi\u00e9e en 2 couleurs (rouge, rose) sur papier 250g.<\/p>\n","protected":false},"excerpt":{"rendered":"<p>A4 en s\u00e9rigraphie &#8211; format 21 cm x 29,7 cm &#8211; encres naturelles<\/p>\n","protected":false},"featured_media":2409,"comment_status":"open","ping_status":"closed","template":"","meta":[],"product_brand":[],"product_cat":[23],"product_tag":[26],"class_list":{"0":"post-2347","1":"product","2":"type-product","3":"status-publish","4":"has-post-thumbnail","6":"product_cat-non-classe","7":"product_tag-serigraphie","9":"first","10":"instock","11":"taxable","12":"shipping-taxable","13":"purchasable","14":"product-type-simple"},"yoast_head":"<!-- This site is optimized with the Yoast SEO plugin v27.4 - https:\/\/yoast.com\/product\/yoast-seo-wordpress\/ -->\n<title>Image s\u00e9rigraphi\u00e9e &quot;Voyage voyage - Irlande&quot;par Atelier Encredible<\/title>\n<meta name=\"description\" content=\"Image s\u00e9rigraphi\u00e9e au format A4 &quot;Voyage voyage - Irlande&quot;, s\u00e9rigraphie r\u00e9alis\u00e9e par l&#039;Atelier Encredible. Avec des encres naturelles et \u00e9cologiques.\" \/>\n<meta name=\"robots\" content=\"index, follow, max-snippet:-1, max-image-preview:large, max-video-preview:-1\" \/>\n<link rel=\"canonical\" href=\"https:\/\/atelierencredible.fr\/index.php\/produit\/voyage-voyage-irlande-image-serigraphiee\/\" \/>\n<meta property=\"og:locale\" content=\"fr_FR\" \/>\n<meta property=\"og:type\" content=\"article\" \/>\n<meta property=\"og:title\" content=\"Image s\u00e9rigraphi\u00e9e &quot;Voyage voyage - Irlande&quot;par Atelier Encredible\" \/>\n<meta property=\"og:description\" content=\"Image s\u00e9rigraphi\u00e9e au format A4 &quot;Voyage voyage - Irlande&quot;, s\u00e9rigraphie r\u00e9alis\u00e9e par l&#039;Atelier Encredible. Avec des encres naturelles et \u00e9cologiques.\" \/>\n<meta property=\"og:url\" content=\"https:\/\/atelierencredible.fr\/index.php\/produit\/voyage-voyage-irlande-image-serigraphiee\/\" \/>\n<meta property=\"og:site_name\" content=\"Atelier Encredible\" \/>\n<meta property=\"article:modified_time\" content=\"2024-02-16T11:39:19+00:00\" \/>\n<meta property=\"og:image\" content=\"https:\/\/atelierencredible.fr\/wp-content\/uploads\/2024\/02\/boutique_Plan-de-travail-1-copie-scaled.jpg\" \/>\n\t<meta property=\"og:image:width\" content=\"2560\" \/>\n\t<meta property=\"og:image:height\" content=\"2560\" \/>\n\t<meta property=\"og:image:type\" content=\"image\/jpeg\" \/>\n<meta name=\"twitter:card\" content=\"summary_large_image\" \/>\n<script type=\"application\/ld+json\" class=\"yoast-schema-graph\">{\"@context\":\"https:\\\/\\\/schema.org\",\"@graph\":[{\"@type\":\"WebPage\",\"@id\":\"https:\\\/\\\/atelierencredible.fr\\\/index.php\\\/produit\\\/voyage-voyage-irlande-image-serigraphiee\\\/\",\"url\":\"https:\\\/\\\/atelierencredible.fr\\\/index.php\\\/produit\\\/voyage-voyage-irlande-image-serigraphiee\\\/\",\"name\":\"Image s\u00e9rigraphi\u00e9e \\\"Voyage voyage - Irlande\\\"par Atelier Encredible\",\"isPartOf\":{\"@id\":\"https:\\\/\\\/atelierencredible.fr\\\/#website\"},\"primaryImageOfPage\":{\"@id\":\"https:\\\/\\\/atelierencredible.fr\\\/index.php\\\/produit\\\/voyage-voyage-irlande-image-serigraphiee\\\/#primaryimage\"},\"image\":{\"@id\":\"https:\\\/\\\/atelierencredible.fr\\\/index.php\\\/produit\\\/voyage-voyage-irlande-image-serigraphiee\\\/#primaryimage\"},\"thumbnailUrl\":\"https:\\\/\\\/atelierencredible.fr\\\/wp-content\\\/uploads\\\/2024\\\/02\\\/boutique_Plan-de-travail-1-copie-scaled.jpg\",\"datePublished\":\"2024-02-02T17:01:19+00:00\",\"dateModified\":\"2024-02-16T11:39:19+00:00\",\"description\":\"Image s\u00e9rigraphi\u00e9e au format A4 \\\"Voyage voyage - Irlande\\\", s\u00e9rigraphie r\u00e9alis\u00e9e par l'Atelier Encredible. Avec des encres naturelles et \u00e9cologiques.\",\"breadcrumb\":{\"@id\":\"https:\\\/\\\/atelierencredible.fr\\\/index.php\\\/produit\\\/voyage-voyage-irlande-image-serigraphiee\\\/#breadcrumb\"},\"inLanguage\":\"fr-FR\",\"potentialAction\":[{\"@type\":\"ReadAction\",\"target\":[\"https:\\\/\\\/atelierencredible.fr\\\/index.php\\\/produit\\\/voyage-voyage-irlande-image-serigraphiee\\\/\"]}]},{\"@type\":\"ImageObject\",\"inLanguage\":\"fr-FR\",\"@id\":\"https:\\\/\\\/atelierencredible.fr\\\/index.php\\\/produit\\\/voyage-voyage-irlande-image-serigraphiee\\\/#primaryimage\",\"url\":\"https:\\\/\\\/atelierencredible.fr\\\/wp-content\\\/uploads\\\/2024\\\/02\\\/boutique_Plan-de-travail-1-copie-scaled.jpg\",\"contentUrl\":\"https:\\\/\\\/atelierencredible.fr\\\/wp-content\\\/uploads\\\/2024\\\/02\\\/boutique_Plan-de-travail-1-copie-scaled.jpg\",\"width\":2560,\"height\":2560,\"caption\":\"Image s\u00e9rigraphi\u00e9e \u00e0 partir d'encres naturelles rouge et bleu. Elle repr\u00e9sente un paysage d'Irlande.\"},{\"@type\":\"BreadcrumbList\",\"@id\":\"https:\\\/\\\/atelierencredible.fr\\\/index.php\\\/produit\\\/voyage-voyage-irlande-image-serigraphiee\\\/#breadcrumb\",\"itemListElement\":[{\"@type\":\"ListItem\",\"position\":1,\"name\":\"Accueil\",\"item\":\"https:\\\/\\\/atelierencredible.fr\\\/\"},{\"@type\":\"ListItem\",\"position\":2,\"name\":\"Produits\",\"item\":\"https:\\\/\\\/atelierencredible.fr\\\/index.php\\\/boutique\\\/\"},{\"@type\":\"ListItem\",\"position\":3,\"name\":\"VOYAGE VOYAGE &#8211; Irlande\"}]},{\"@type\":\"WebSite\",\"@id\":\"https:\\\/\\\/atelierencredible.fr\\\/#website\",\"url\":\"https:\\\/\\\/atelierencredible.fr\\\/\",\"name\":\"Atelier Encredible\",\"description\":\"Design Graphique &amp; S\u00e9rigraphie\",\"publisher\":{\"@id\":\"https:\\\/\\\/atelierencredible.fr\\\/#organization\"},\"potentialAction\":[{\"@type\":\"SearchAction\",\"target\":{\"@type\":\"EntryPoint\",\"urlTemplate\":\"https:\\\/\\\/atelierencredible.fr\\\/?s={search_term_string}\"},\"query-input\":{\"@type\":\"PropertyValueSpecification\",\"valueRequired\":true,\"valueName\":\"search_term_string\"}}],\"inLanguage\":\"fr-FR\"},{\"@type\":\"Organization\",\"@id\":\"https:\\\/\\\/atelierencredible.fr\\\/#organization\",\"name\":\"Atelier Encredible\",\"url\":\"https:\\\/\\\/atelierencredible.fr\\\/\",\"logo\":{\"@type\":\"ImageObject\",\"inLanguage\":\"fr-FR\",\"@id\":\"https:\\\/\\\/atelierencredible.fr\\\/#\\\/schema\\\/logo\\\/image\\\/\",\"url\":\"https:\\\/\\\/atelierencredible.fr\\\/wp-content\\\/uploads\\\/2023\\\/09\\\/cropped-logo.png\",\"contentUrl\":\"https:\\\/\\\/atelierencredible.fr\\\/wp-content\\\/uploads\\\/2023\\\/09\\\/cropped-logo.png\",\"width\":1423,\"height\":1389,\"caption\":\"Atelier Encredible\"},\"image\":{\"@id\":\"https:\\\/\\\/atelierencredible.fr\\\/#\\\/schema\\\/logo\\\/image\\\/\"},\"sameAs\":[\"https:\\\/\\\/www.instagram.com\\\/atelierencredible\\\/\"]}]}<\/script>\n<!-- \/ Yoast SEO plugin. -->","yoast_head_json":{"title":"Image s\u00e9rigraphi\u00e9e \"Voyage voyage - Irlande\"par Atelier Encredible","description":"Image s\u00e9rigraphi\u00e9e au format A4 \"Voyage voyage - Irlande\", s\u00e9rigraphie r\u00e9alis\u00e9e par l'Atelier Encredible. Avec des encres naturelles et \u00e9cologiques.","robots":{"index":"index","follow":"follow","max-snippet":"max-snippet:-1","max-image-preview":"max-image-preview:large","max-video-preview":"max-video-preview:-1"},"canonical":"https:\/\/atelierencredible.fr\/index.php\/produit\/voyage-voyage-irlande-image-serigraphiee\/","og_locale":"fr_FR","og_type":"article","og_title":"Image s\u00e9rigraphi\u00e9e \"Voyage voyage - Irlande\"par Atelier Encredible","og_description":"Image s\u00e9rigraphi\u00e9e au format A4 \"Voyage voyage - Irlande\", s\u00e9rigraphie r\u00e9alis\u00e9e par l'Atelier Encredible. Avec des encres naturelles et \u00e9cologiques.","og_url":"https:\/\/atelierencredible.fr\/index.php\/produit\/voyage-voyage-irlande-image-serigraphiee\/","og_site_name":"Atelier Encredible","article_modified_time":"2024-02-16T11:39:19+00:00","og_image":[{"width":2560,"height":2560,"url":"https:\/\/atelierencredible.fr\/wp-content\/uploads\/2024\/02\/boutique_Plan-de-travail-1-copie-scaled.jpg","type":"image\/jpeg"}],"twitter_card":"summary_large_image","schema":{"@context":"https:\/\/schema.org","@graph":[{"@type":"WebPage","@id":"https:\/\/atelierencredible.fr\/index.php\/produit\/voyage-voyage-irlande-image-serigraphiee\/","url":"https:\/\/atelierencredible.fr\/index.php\/produit\/voyage-voyage-irlande-image-serigraphiee\/","name":"Image s\u00e9rigraphi\u00e9e \"Voyage voyage - Irlande\"par Atelier Encredible","isPartOf":{"@id":"https:\/\/atelierencredible.fr\/#website"},"primaryImageOfPage":{"@id":"https:\/\/atelierencredible.fr\/index.php\/produit\/voyage-voyage-irlande-image-serigraphiee\/#primaryimage"},"image":{"@id":"https:\/\/atelierencredible.fr\/index.php\/produit\/voyage-voyage-irlande-image-serigraphiee\/#primaryimage"},"thumbnailUrl":"https:\/\/atelierencredible.fr\/wp-content\/uploads\/2024\/02\/boutique_Plan-de-travail-1-copie-scaled.jpg","datePublished":"2024-02-02T17:01:19+00:00","dateModified":"2024-02-16T11:39:19+00:00","description":"Image s\u00e9rigraphi\u00e9e au format A4 \"Voyage voyage - Irlande\", s\u00e9rigraphie r\u00e9alis\u00e9e par l'Atelier Encredible. Avec des encres naturelles et \u00e9cologiques.","breadcrumb":{"@id":"https:\/\/atelierencredible.fr\/index.php\/produit\/voyage-voyage-irlande-image-serigraphiee\/#breadcrumb"},"inLanguage":"fr-FR","potentialAction":[{"@type":"ReadAction","target":["https:\/\/atelierencredible.fr\/index.php\/produit\/voyage-voyage-irlande-image-serigraphiee\/"]}]},{"@type":"ImageObject","inLanguage":"fr-FR","@id":"https:\/\/atelierencredible.fr\/index.php\/produit\/voyage-voyage-irlande-image-serigraphiee\/#primaryimage","url":"https:\/\/atelierencredible.fr\/wp-content\/uploads\/2024\/02\/boutique_Plan-de-travail-1-copie-scaled.jpg","contentUrl":"https:\/\/atelierencredible.fr\/wp-content\/uploads\/2024\/02\/boutique_Plan-de-travail-1-copie-scaled.jpg","width":2560,"height":2560,"caption":"Image s\u00e9rigraphi\u00e9e \u00e0 partir d'encres naturelles rouge et bleu. Elle repr\u00e9sente un paysage d'Irlande."},{"@type":"BreadcrumbList","@id":"https:\/\/atelierencredible.fr\/index.php\/produit\/voyage-voyage-irlande-image-serigraphiee\/#breadcrumb","itemListElement":[{"@type":"ListItem","position":1,"name":"Accueil","item":"https:\/\/atelierencredible.fr\/"},{"@type":"ListItem","position":2,"name":"Produits","item":"https:\/\/atelierencredible.fr\/index.php\/boutique\/"},{"@type":"ListItem","position":3,"name":"VOYAGE VOYAGE &#8211; Irlande"}]},{"@type":"WebSite","@id":"https:\/\/atelierencredible.fr\/#website","url":"https:\/\/atelierencredible.fr\/","name":"Atelier Encredible","description":"Design Graphique &amp; S\u00e9rigraphie","publisher":{"@id":"https:\/\/atelierencredible.fr\/#organization"},"potentialAction":[{"@type":"SearchAction","target":{"@type":"EntryPoint","urlTemplate":"https:\/\/atelierencredible.fr\/?s={search_term_string}"},"query-input":{"@type":"PropertyValueSpecification","valueRequired":true,"valueName":"search_term_string"}}],"inLanguage":"fr-FR"},{"@type":"Organization","@id":"https:\/\/atelierencredible.fr\/#organization","name":"Atelier Encredible","url":"https:\/\/atelierencredible.fr\/","logo":{"@type":"ImageObject","inLanguage":"fr-FR","@id":"https:\/\/atelierencredible.fr\/#\/schema\/logo\/image\/","url":"https:\/\/atelierencredible.fr\/wp-content\/uploads\/2023\/09\/cropped-logo.png","contentUrl":"https:\/\/atelierencredible.fr\/wp-content\/uploads\/2023\/09\/cropped-logo.png","width":1423,"height":1389,"caption":"Atelier Encredible"},"image":{"@id":"https:\/\/atelierencredible.fr\/#\/schema\/logo\/image\/"},"sameAs":["https:\/\/www.instagram.com\/atelierencredible\/"]}]}},"_links":{"self":[{"href":"https:\/\/atelierencredible.fr\/index.php\/wp-json\/wp\/v2\/product\/2347","targetHints":{"allow":["GET"]}}],"collection":[{"href":"https:\/\/atelierencredible.fr\/index.php\/wp-json\/wp\/v2\/product"}],"about":[{"href":"https:\/\/atelierencredible.fr\/index.php\/wp-json\/wp\/v2\/types\/product"}],"replies":[{"embeddable":true,"href":"https:\/\/atelierencredible.fr\/index.php\/wp-json\/wp\/v2\/comments?post=2347"}],"wp:featuredmedia":[{"embeddable":true,"href":"https:\/\/atelierencredible.fr\/index.php\/wp-json\/wp\/v2\/media\/2409"}],"wp:attachment":[{"href":"https:\/\/atelierencredible.fr\/index.php\/wp-json\/wp\/v2\/media?parent=2347"}],"wp:term":[{"taxonomy":"product_brand","embeddable":true,"href":"https:\/\/atelierencredible.fr\/index.php\/wp-json\/wp\/v2\/product_brand?post=2347"},{"taxonomy":"product_cat","embeddable":true,"href":"https:\/\/atelierencredible.fr\/index.php\/wp-json\/wp\/v2\/product_cat?post=2347"},{"taxonomy":"product_tag","embeddable":true,"href":"https:\/\/atelierencredible.fr\/index.php\/wp-json\/wp\/v2\/product_tag?post=2347"}],"curies":[{"name":"wp","href":"https:\/\/api.w.org\/{rel}","templated":true}]}}