{"id":3352,"date":"2026-04-07T11:20:01","date_gmt":"2026-04-07T09:20:01","guid":{"rendered":"https:\/\/atelierencredible.fr\/?page_id=3352"},"modified":"2026-04-07T11:28:30","modified_gmt":"2026-04-07T09:28:30","slug":"accueil","status":"publish","type":"page","link":"https:\/\/atelierencredible.fr\/","title":{"rendered":"Accueil"},"content":{"rendered":"\t\t<div data-elementor-type=\"wp-post\" data-elementor-id=\"3352\" class=\"elementor elementor-3352\" data-elementor-post-type=\"page\">\n\t\t\t\t<div class=\"elementor-element elementor-element-1685c89 e-flex e-con-boxed e-con e-parent\" data-id=\"1685c89\" data-element_type=\"container\" data-e-type=\"container\" data-settings=\"{&quot;background_background&quot;:&quot;classic&quot;}\">\n\t\t\t\t\t<div class=\"e-con-inner\">\n\t\t<div class=\"elementor-element elementor-element-cccaf66 e-con-full e-flex e-con e-child\" data-id=\"cccaf66\" data-element_type=\"container\" data-e-type=\"container\">\n\t\t\t\t<div class=\"elementor-element elementor-element-02cf4b9 elementor-widget elementor-widget-heading\" data-id=\"02cf4b9\" data-element_type=\"widget\" data-e-type=\"widget\" data-widget_type=\"heading.default\">\n\t\t\t\t<div class=\"elementor-widget-container\">\n\t\t\t\t\t<h2 class=\"elementor-heading-title elementor-size-default\">Site en chantier...On revient bient\u00f4t<\/h2>\t\t\t\t<\/div>\n\t\t\t\t<\/div>\n\t\t\t\t<\/div>\n\t\t\t\t\t<\/div>\n\t\t\t\t<\/div>\n\t\t<div class=\"elementor-element elementor-element-c13645d e-flex e-con-boxed e-con e-parent\" data-id=\"c13645d\" data-element_type=\"container\" data-e-type=\"container\" data-settings=\"{&quot;background_background&quot;:&quot;classic&quot;}\">\n\t\t\t\t\t<div class=\"e-con-inner\">\n\t\t\t\t<div class=\"elementor-element elementor-element-5245803 elementor-widget elementor-widget-image\" data-id=\"5245803\" data-element_type=\"widget\" data-e-type=\"widget\" data-widget_type=\"image.default\">\n\t\t\t\t<div class=\"elementor-widget-container\">\n\t\t\t\t\t\t\t\t\t\t\t\t\t\t\t<img fetchpriority=\"high\" decoding=\"async\" width=\"276\" height=\"300\" src=\"https:\/\/atelierencredible.fr\/wp-content\/uploads\/2026\/03\/tigre-276x300.png\" class=\"attachment-medium size-medium wp-image-3287\" alt=\"\" srcset=\"https:\/\/atelierencredible.fr\/wp-content\/uploads\/2026\/03\/tigre-276x300.png 276w, https:\/\/atelierencredible.fr\/wp-content\/uploads\/2026\/03\/tigre-943x1024.png 943w, https:\/\/atelierencredible.fr\/wp-content\/uploads\/2026\/03\/tigre-768x834.png 768w, https:\/\/atelierencredible.fr\/wp-content\/uploads\/2026\/03\/tigre-1415x1536.png 1415w, https:\/\/atelierencredible.fr\/wp-content\/uploads\/2026\/03\/tigre-1886x2048.png 1886w, https:\/\/atelierencredible.fr\/wp-content\/uploads\/2026\/03\/tigre-600x652.png 600w\" sizes=\"(max-width: 276px) 100vw, 276px\" \/>\t\t\t\t\t\t\t\t\t\t\t\t\t\t\t<\/div>\n\t\t\t\t<\/div>\n\t\t\t\t\t<\/div>\n\t\t\t\t<\/div>\n\t\t\t\t<\/div>\n\t\t","protected":false},"excerpt":{"rendered":"<p>Site en chantier&#8230;On revient bient\u00f4t<\/p>\n","protected":false},"author":1,"featured_media":0,"parent":0,"menu_order":0,"comment_status":"closed","ping_status":"closed","template":"elementor_header_footer","meta":{"footnotes":""},"class_list":["post-3352","page","type-page","status-publish","hentry"],"yoast_head":"<!-- This site is optimized with the Yoast SEO plugin v27.3 - https:\/\/yoast.com\/product\/yoast-seo-wordpress\/ -->\n<title>Design Graphique &amp; S\u00e9rigraphie - Atelier Encredible<\/title>\n<meta name=\"description\" content=\"L&#039;atelier cr\u00e9atif ENCR\u00c9 dans un univers color\u00e9. Une direction artistique sur mesure pour des projets uniques. Design Graphique &amp; S\u00e9rigraphie.\" \/>\n<meta name=\"robots\" content=\"index, follow, max-snippet:-1, max-image-preview:large, max-video-preview:-1\" \/>\n<link rel=\"canonical\" href=\"https:\/\/atelierencredible.fr\/\" \/>\n<meta property=\"og:locale\" content=\"fr_FR\" \/>\n<meta property=\"og:type\" content=\"article\" \/>\n<meta property=\"og:title\" content=\"Design Graphique &amp; S\u00e9rigraphie - Atelier Encredible\" \/>\n<meta property=\"og:description\" content=\"L&#039;atelier cr\u00e9atif ENCR\u00c9 dans un univers color\u00e9. Une direction artistique sur mesure pour des projets uniques. Design Graphique &amp; S\u00e9rigraphie.\" \/>\n<meta property=\"og:url\" content=\"https:\/\/atelierencredible.fr\/\" \/>\n<meta property=\"og:site_name\" content=\"Atelier Encredible\" \/>\n<meta property=\"article:modified_time\" content=\"2026-04-07T09:28:30+00:00\" \/>\n<meta property=\"og:image\" content=\"https:\/\/atelierencredible.fr\/wp-content\/uploads\/2026\/03\/tigre-276x300.png\" \/>\n<meta name=\"twitter:card\" content=\"summary_large_image\" \/>\n<script type=\"application\/ld+json\" class=\"yoast-schema-graph\">{\"@context\":\"https:\\\/\\\/schema.org\",\"@graph\":[{\"@type\":\"WebPage\",\"@id\":\"https:\\\/\\\/atelierencredible.fr\\\/\",\"url\":\"https:\\\/\\\/atelierencredible.fr\\\/\",\"name\":\"Design Graphique & S\u00e9rigraphie - Atelier Encredible\",\"isPartOf\":{\"@id\":\"https:\\\/\\\/atelierencredible.fr\\\/#website\"},\"primaryImageOfPage\":{\"@id\":\"https:\\\/\\\/atelierencredible.fr\\\/#primaryimage\"},\"image\":{\"@id\":\"https:\\\/\\\/atelierencredible.fr\\\/#primaryimage\"},\"thumbnailUrl\":\"https:\\\/\\\/atelierencredible.fr\\\/wp-content\\\/uploads\\\/2026\\\/03\\\/tigre-276x300.png\",\"datePublished\":\"2026-04-07T09:20:01+00:00\",\"dateModified\":\"2026-04-07T09:28:30+00:00\",\"description\":\"L'atelier cr\u00e9atif ENCR\u00c9 dans un univers color\u00e9. Une direction artistique sur mesure pour des projets uniques. Design Graphique & S\u00e9rigraphie.\",\"breadcrumb\":{\"@id\":\"https:\\\/\\\/atelierencredible.fr\\\/#breadcrumb\"},\"inLanguage\":\"fr-FR\",\"potentialAction\":[{\"@type\":\"ReadAction\",\"target\":[\"https:\\\/\\\/atelierencredible.fr\\\/\"]}]},{\"@type\":\"ImageObject\",\"inLanguage\":\"fr-FR\",\"@id\":\"https:\\\/\\\/atelierencredible.fr\\\/#primaryimage\",\"url\":\"https:\\\/\\\/atelierencredible.fr\\\/wp-content\\\/uploads\\\/2026\\\/03\\\/tigre-scaled.png\",\"contentUrl\":\"https:\\\/\\\/atelierencredible.fr\\\/wp-content\\\/uploads\\\/2026\\\/03\\\/tigre-scaled.png\",\"width\":2358,\"height\":2560},{\"@type\":\"BreadcrumbList\",\"@id\":\"https:\\\/\\\/atelierencredible.fr\\\/#breadcrumb\",\"itemListElement\":[{\"@type\":\"ListItem\",\"position\":1,\"name\":\"Accueil\",\"item\":\"https:\\\/\\\/atelierencredible.fr\\\/\"},{\"@type\":\"ListItem\",\"position\":2,\"name\":\"Atelier Encredible - Design Graphique et S\u00e9rigraphie\"}]},{\"@type\":\"WebSite\",\"@id\":\"https:\\\/\\\/atelierencredible.fr\\\/#website\",\"url\":\"https:\\\/\\\/atelierencredible.fr\\\/\",\"name\":\"Atelier Encredible\",\"description\":\"Design Graphique &amp; S\u00e9rigraphie\",\"publisher\":{\"@id\":\"https:\\\/\\\/atelierencredible.fr\\\/#organization\"},\"potentialAction\":[{\"@type\":\"SearchAction\",\"target\":{\"@type\":\"EntryPoint\",\"urlTemplate\":\"https:\\\/\\\/atelierencredible.fr\\\/?s={search_term_string}\"},\"query-input\":{\"@type\":\"PropertyValueSpecification\",\"valueRequired\":true,\"valueName\":\"search_term_string\"}}],\"inLanguage\":\"fr-FR\"},{\"@type\":\"Organization\",\"@id\":\"https:\\\/\\\/atelierencredible.fr\\\/#organization\",\"name\":\"Atelier Encredible\",\"url\":\"https:\\\/\\\/atelierencredible.fr\\\/\",\"logo\":{\"@type\":\"ImageObject\",\"inLanguage\":\"fr-FR\",\"@id\":\"https:\\\/\\\/atelierencredible.fr\\\/#\\\/schema\\\/logo\\\/image\\\/\",\"url\":\"https:\\\/\\\/atelierencredible.fr\\\/wp-content\\\/uploads\\\/2023\\\/09\\\/cropped-logo.png\",\"contentUrl\":\"https:\\\/\\\/atelierencredible.fr\\\/wp-content\\\/uploads\\\/2023\\\/09\\\/cropped-logo.png\",\"width\":1423,\"height\":1389,\"caption\":\"Atelier Encredible\"},\"image\":{\"@id\":\"https:\\\/\\\/atelierencredible.fr\\\/#\\\/schema\\\/logo\\\/image\\\/\"},\"sameAs\":[\"https:\\\/\\\/www.instagram.com\\\/atelierencredible\\\/\"]}]}<\/script>\n<!-- \/ Yoast SEO plugin. -->","yoast_head_json":{"title":"Design Graphique & S\u00e9rigraphie - Atelier Encredible","description":"L'atelier cr\u00e9atif ENCR\u00c9 dans un univers color\u00e9. Une direction artistique sur mesure pour des projets uniques. Design Graphique & S\u00e9rigraphie.","robots":{"index":"index","follow":"follow","max-snippet":"max-snippet:-1","max-image-preview":"max-image-preview:large","max-video-preview":"max-video-preview:-1"},"canonical":"https:\/\/atelierencredible.fr\/","og_locale":"fr_FR","og_type":"article","og_title":"Design Graphique & S\u00e9rigraphie - Atelier Encredible","og_description":"L'atelier cr\u00e9atif ENCR\u00c9 dans un univers color\u00e9. Une direction artistique sur mesure pour des projets uniques. Design Graphique & S\u00e9rigraphie.","og_url":"https:\/\/atelierencredible.fr\/","og_site_name":"Atelier Encredible","article_modified_time":"2026-04-07T09:28:30+00:00","og_image":[{"url":"https:\/\/atelierencredible.fr\/wp-content\/uploads\/2026\/03\/tigre-276x300.png","type":"","width":"","height":""}],"twitter_card":"summary_large_image","schema":{"@context":"https:\/\/schema.org","@graph":[{"@type":"WebPage","@id":"https:\/\/atelierencredible.fr\/","url":"https:\/\/atelierencredible.fr\/","name":"Design Graphique & S\u00e9rigraphie - Atelier Encredible","isPartOf":{"@id":"https:\/\/atelierencredible.fr\/#website"},"primaryImageOfPage":{"@id":"https:\/\/atelierencredible.fr\/#primaryimage"},"image":{"@id":"https:\/\/atelierencredible.fr\/#primaryimage"},"thumbnailUrl":"https:\/\/atelierencredible.fr\/wp-content\/uploads\/2026\/03\/tigre-276x300.png","datePublished":"2026-04-07T09:20:01+00:00","dateModified":"2026-04-07T09:28:30+00:00","description":"L'atelier cr\u00e9atif ENCR\u00c9 dans un univers color\u00e9. Une direction artistique sur mesure pour des projets uniques. Design Graphique & S\u00e9rigraphie.","breadcrumb":{"@id":"https:\/\/atelierencredible.fr\/#breadcrumb"},"inLanguage":"fr-FR","potentialAction":[{"@type":"ReadAction","target":["https:\/\/atelierencredible.fr\/"]}]},{"@type":"ImageObject","inLanguage":"fr-FR","@id":"https:\/\/atelierencredible.fr\/#primaryimage","url":"https:\/\/atelierencredible.fr\/wp-content\/uploads\/2026\/03\/tigre-scaled.png","contentUrl":"https:\/\/atelierencredible.fr\/wp-content\/uploads\/2026\/03\/tigre-scaled.png","width":2358,"height":2560},{"@type":"BreadcrumbList","@id":"https:\/\/atelierencredible.fr\/#breadcrumb","itemListElement":[{"@type":"ListItem","position":1,"name":"Accueil","item":"https:\/\/atelierencredible.fr\/"},{"@type":"ListItem","position":2,"name":"Atelier Encredible - Design Graphique et S\u00e9rigraphie"}]},{"@type":"WebSite","@id":"https:\/\/atelierencredible.fr\/#website","url":"https:\/\/atelierencredible.fr\/","name":"Atelier Encredible","description":"Design Graphique &amp; S\u00e9rigraphie","publisher":{"@id":"https:\/\/atelierencredible.fr\/#organization"},"potentialAction":[{"@type":"SearchAction","target":{"@type":"EntryPoint","urlTemplate":"https:\/\/atelierencredible.fr\/?s={search_term_string}"},"query-input":{"@type":"PropertyValueSpecification","valueRequired":true,"valueName":"search_term_string"}}],"inLanguage":"fr-FR"},{"@type":"Organization","@id":"https:\/\/atelierencredible.fr\/#organization","name":"Atelier Encredible","url":"https:\/\/atelierencredible.fr\/","logo":{"@type":"ImageObject","inLanguage":"fr-FR","@id":"https:\/\/atelierencredible.fr\/#\/schema\/logo\/image\/","url":"https:\/\/atelierencredible.fr\/wp-content\/uploads\/2023\/09\/cropped-logo.png","contentUrl":"https:\/\/atelierencredible.fr\/wp-content\/uploads\/2023\/09\/cropped-logo.png","width":1423,"height":1389,"caption":"Atelier Encredible"},"image":{"@id":"https:\/\/atelierencredible.fr\/#\/schema\/logo\/image\/"},"sameAs":["https:\/\/www.instagram.com\/atelierencredible\/"]}]}},"_links":{"self":[{"href":"https:\/\/atelierencredible.fr\/index.php\/wp-json\/wp\/v2\/pages\/3352","targetHints":{"allow":["GET"]}}],"collection":[{"href":"https:\/\/atelierencredible.fr\/index.php\/wp-json\/wp\/v2\/pages"}],"about":[{"href":"https:\/\/atelierencredible.fr\/index.php\/wp-json\/wp\/v2\/types\/page"}],"author":[{"embeddable":true,"href":"https:\/\/atelierencredible.fr\/index.php\/wp-json\/wp\/v2\/users\/1"}],"replies":[{"embeddable":true,"href":"https:\/\/atelierencredible.fr\/index.php\/wp-json\/wp\/v2\/comments?post=3352"}],"version-history":[{"count":3,"href":"https:\/\/atelierencredible.fr\/index.php\/wp-json\/wp\/v2\/pages\/3352\/revisions"}],"predecessor-version":[{"id":3355,"href":"https:\/\/atelierencredible.fr\/index.php\/wp-json\/wp\/v2\/pages\/3352\/revisions\/3355"}],"wp:attachment":[{"href":"https:\/\/atelierencredible.fr\/index.php\/wp-json\/wp\/v2\/media?parent=3352"}],"curies":[{"name":"wp","href":"https:\/\/api.w.org\/{rel}","templated":true}]}}