{"id":300,"date":"2023-10-24T14:02:11","date_gmt":"2023-10-24T12:02:11","guid":{"rendered":"https:\/\/atelierencredible.fr\/?page_id=300"},"modified":"2024-04-08T15:53:50","modified_gmt":"2024-04-08T13:53:50","slug":"portfolio-illustrations","status":"publish","type":"page","link":"https:\/\/atelierencredible.fr\/index.php\/portfolio-illustrations\/","title":{"rendered":"Portfolio &#8211; Illustration"},"content":{"rendered":"\t\t<div data-elementor-type=\"wp-post\" data-elementor-id=\"300\" class=\"elementor elementor-300\" data-elementor-post-type=\"page\">\n\t\t\t\t<div class=\"elementor-element elementor-element-4c95760 e-flex e-con-boxed e-con e-parent\" data-id=\"4c95760\" data-element_type=\"container\" data-e-type=\"container\">\n\t\t\t\t\t<div class=\"e-con-inner\">\n\t\t\t\t<div class=\"elementor-element elementor-element-3dc0cd6 elementor-widget elementor-widget-heading\" data-id=\"3dc0cd6\" data-element_type=\"widget\" data-e-type=\"widget\" data-widget_type=\"heading.default\">\n\t\t\t\t<div class=\"elementor-widget-container\">\n\t\t\t\t\t<h1 class=\"elementor-heading-title elementor-size-default\">PORTFOLIO<\/h1>\t\t\t\t<\/div>\n\t\t\t\t<\/div>\n\t\t\t\t<div class=\"elementor-element elementor-element-1519838 elementor-widget elementor-widget-text-editor\" data-id=\"1519838\" data-element_type=\"widget\" data-e-type=\"widget\" data-widget_type=\"text-editor.default\">\n\t\t\t\t<div class=\"elementor-widget-container\">\n\t\t\t\t\t\t\t\t\tD\u00e9couvrez nos r\u00e9alisations et laissez-vous emporter dans notre univers !<br>\t\t\t\t\t\t\t\t<\/div>\n\t\t\t\t<\/div>\n\t\t\t\t\t<\/div>\n\t\t\t\t<\/div>\n\t\t<div class=\"elementor-element elementor-element-f588591 e-flex e-con-boxed e-con e-parent\" data-id=\"f588591\" data-element_type=\"container\" data-e-type=\"container\">\n\t\t\t\t\t<div class=\"e-con-inner\">\n\t\t<div class=\"elementor-element elementor-element-a5181f6 e-con-full e-flex e-con e-child\" data-id=\"a5181f6\" data-element_type=\"container\" data-e-type=\"container\">\n\t\t\t\t<div class=\"elementor-element elementor-element-dfbaf0d elementor-align-right elementor-widget elementor-widget-button\" data-id=\"dfbaf0d\" data-element_type=\"widget\" data-e-type=\"widget\" data-widget_type=\"button.default\">\n\t\t\t\t<div class=\"elementor-widget-container\">\n\t\t\t\t\t\t\t\t\t<div class=\"elementor-button-wrapper\">\n\t\t\t\t\t<a class=\"elementor-button elementor-button-link elementor-size-lg\" href=\"https:\/\/atelierencredible.fr\/index.php\/portfolio\/\">\n\t\t\t\t\t\t<span class=\"elementor-button-content-wrapper\">\n\t\t\t\t\t\t\t\t\t<span class=\"elementor-button-text\">Tout<\/span>\n\t\t\t\t\t<\/span>\n\t\t\t\t\t<\/a>\n\t\t\t\t<\/div>\n\t\t\t\t\t\t\t\t<\/div>\n\t\t\t\t<\/div>\n\t\t\t\t<\/div>\n\t\t<div class=\"elementor-element elementor-element-21e8cf8 e-con-full e-flex e-con e-child\" data-id=\"21e8cf8\" data-element_type=\"container\" data-e-type=\"container\">\n\t\t\t\t<div class=\"elementor-element elementor-element-40d4be0 elementor-align-right elementor-widget elementor-widget-button\" data-id=\"40d4be0\" data-element_type=\"widget\" data-e-type=\"widget\" data-widget_type=\"button.default\">\n\t\t\t\t<div class=\"elementor-widget-container\">\n\t\t\t\t\t\t\t\t\t<div class=\"elementor-button-wrapper\">\n\t\t\t\t\t<a class=\"elementor-button elementor-button-link elementor-size-lg\" href=\"#\">\n\t\t\t\t\t\t<span class=\"elementor-button-content-wrapper\">\n\t\t\t\t\t\t\t\t\t<span class=\"elementor-button-text\">Illustration<\/span>\n\t\t\t\t\t<\/span>\n\t\t\t\t\t<\/a>\n\t\t\t\t<\/div>\n\t\t\t\t\t\t\t\t<\/div>\n\t\t\t\t<\/div>\n\t\t\t\t<\/div>\n\t\t<div class=\"elementor-element elementor-element-c4bc966 e-con-full e-flex e-con e-child\" data-id=\"c4bc966\" data-element_type=\"container\" data-e-type=\"container\">\n\t\t\t\t<div class=\"elementor-element elementor-element-4b5d5e6 elementor-align-right elementor-widget elementor-widget-button\" data-id=\"4b5d5e6\" data-element_type=\"widget\" data-e-type=\"widget\" data-widget_type=\"button.default\">\n\t\t\t\t<div class=\"elementor-widget-container\">\n\t\t\t\t\t\t\t\t\t<div class=\"elementor-button-wrapper\">\n\t\t\t\t\t<a class=\"elementor-button elementor-button-link elementor-size-lg\" href=\"https:\/\/atelierencredible.fr\/index.php\/portfolio-identite-visuelle\/\">\n\t\t\t\t\t\t<span class=\"elementor-button-content-wrapper\">\n\t\t\t\t\t\t\t\t\t<span class=\"elementor-button-text\">Identit\u00e9 Visuelle<\/span>\n\t\t\t\t\t<\/span>\n\t\t\t\t\t<\/a>\n\t\t\t\t<\/div>\n\t\t\t\t\t\t\t\t<\/div>\n\t\t\t\t<\/div>\n\t\t\t\t<\/div>\n\t\t<div class=\"elementor-element elementor-element-d896a50 e-con-full e-flex e-con e-child\" data-id=\"d896a50\" data-element_type=\"container\" data-e-type=\"container\">\n\t\t\t\t<div class=\"elementor-element elementor-element-d027f5c elementor-align-right elementor-widget elementor-widget-button\" data-id=\"d027f5c\" data-element_type=\"widget\" data-e-type=\"widget\" data-widget_type=\"button.default\">\n\t\t\t\t<div class=\"elementor-widget-container\">\n\t\t\t\t\t\t\t\t\t<div class=\"elementor-button-wrapper\">\n\t\t\t\t\t<a class=\"elementor-button elementor-button-link elementor-size-lg\" href=\"https:\/\/atelierencredible.fr\/index.php\/portfolio-2\/\">\n\t\t\t\t\t\t<span class=\"elementor-button-content-wrapper\">\n\t\t\t\t\t\t\t\t\t<span class=\"elementor-button-text\">\u00c9dition<\/span>\n\t\t\t\t\t<\/span>\n\t\t\t\t\t<\/a>\n\t\t\t\t<\/div>\n\t\t\t\t\t\t\t\t<\/div>\n\t\t\t\t<\/div>\n\t\t\t\t<\/div>\n\t\t\t\t\t<\/div>\n\t\t\t\t<\/div>\n\t\t<div class=\"elementor-element elementor-element-c645ef6 e-con-full e-flex e-con e-parent\" data-id=\"c645ef6\" data-element_type=\"container\" data-e-type=\"container\">\n\t\t<div class=\"elementor-element elementor-element-b851ee9 e-flex e-con-boxed e-con e-child\" data-id=\"b851ee9\" data-element_type=\"container\" data-e-type=\"container\" data-settings=\"{&quot;background_background&quot;:&quot;classic&quot;}\">\n\t\t\t\t\t<div class=\"e-con-inner\">\n\t\t\t\t\t<\/div>\n\t\t\t\t<\/div>\n\t\t\t\t<\/div>\n\t\t<div class=\"elementor-element elementor-element-37d9be5 e-con-full e-flex e-con e-parent\" data-id=\"37d9be5\" data-element_type=\"container\" data-e-type=\"container\">\n\t\t\t\t<div class=\"elementor-element elementor-element-b81782c elementor-grid-3 elementor-grid-tablet-2 elementor-grid-mobile-1 elementor-posts--thumbnail-top elementor-widget elementor-widget-posts\" data-id=\"b81782c\" data-element_type=\"widget\" data-e-type=\"widget\" data-settings=\"{&quot;classic_masonry&quot;:&quot;yes&quot;,&quot;classic_columns&quot;:&quot;3&quot;,&quot;classic_columns_tablet&quot;:&quot;2&quot;,&quot;classic_columns_mobile&quot;:&quot;1&quot;,&quot;classic_row_gap&quot;:{&quot;unit&quot;:&quot;px&quot;,&quot;size&quot;:35,&quot;sizes&quot;:[]},&quot;classic_row_gap_tablet&quot;:{&quot;unit&quot;:&quot;px&quot;,&quot;size&quot;:&quot;&quot;,&quot;sizes&quot;:[]},&quot;classic_row_gap_mobile&quot;:{&quot;unit&quot;:&quot;px&quot;,&quot;size&quot;:&quot;&quot;,&quot;sizes&quot;:[]}}\" data-widget_type=\"posts.classic\">\n\t\t\t\t<div class=\"elementor-widget-container\">\n\t\t\t\t\t\t\t<div class=\"elementor-posts-container elementor-posts elementor-posts--skin-classic elementor-grid\" role=\"list\">\n\t\t\t\t<article class=\"elementor-post elementor-grid-item post-3239 post type-post status-publish format-standard has-post-thumbnail hentry category-illustration\" role=\"listitem\">\n\t\t\t\t<a class=\"elementor-post__thumbnail__link\" href=\"https:\/\/atelierencredible.fr\/index.php\/2025\/04\/29\/le-pouliguen\/\" tabindex=\"-1\" >\n\t\t\t<div class=\"elementor-post__thumbnail\"><img fetchpriority=\"high\" decoding=\"async\" width=\"858\" height=\"841\" src=\"https:\/\/atelierencredible.fr\/wp-content\/uploads\/2025\/04\/pouliguen.jpg\" class=\"attachment-large size-large wp-image-3243\" alt=\"\" srcset=\"https:\/\/atelierencredible.fr\/wp-content\/uploads\/2025\/04\/pouliguen.jpg 858w, https:\/\/atelierencredible.fr\/wp-content\/uploads\/2025\/04\/pouliguen-300x294.jpg 300w, https:\/\/atelierencredible.fr\/wp-content\/uploads\/2025\/04\/pouliguen-768x753.jpg 768w, https:\/\/atelierencredible.fr\/wp-content\/uploads\/2025\/04\/pouliguen-600x588.jpg 600w\" sizes=\"(max-width: 858px) 100vw, 858px\" \/><\/div>\n\t\t<\/a>\n\t\t\t\t<div class=\"elementor-post__text\">\n\t\t\t\t<\/div>\n\t\t\t\t<\/article>\n\t\t\t\t<article class=\"elementor-post elementor-grid-item post-980 post type-post status-publish format-standard has-post-thumbnail hentry category-illustration\" role=\"listitem\">\n\t\t\t\t<a class=\"elementor-post__thumbnail__link\" href=\"https:\/\/atelierencredible.fr\/index.php\/2023\/11\/21\/illustration\/\" tabindex=\"-1\" >\n\t\t\t<div class=\"elementor-post__thumbnail\"><img decoding=\"async\" width=\"1024\" height=\"1000\" src=\"https:\/\/atelierencredible.fr\/wp-content\/uploads\/2023\/11\/les-toits-mockup-1024x1000.jpg\" class=\"attachment-large size-large wp-image-999\" alt=\"\" srcset=\"https:\/\/atelierencredible.fr\/wp-content\/uploads\/2023\/11\/les-toits-mockup-1024x1000.jpg 1024w, https:\/\/atelierencredible.fr\/wp-content\/uploads\/2023\/11\/les-toits-mockup-600x586.jpg 600w, https:\/\/atelierencredible.fr\/wp-content\/uploads\/2023\/11\/les-toits-mockup-300x293.jpg 300w, https:\/\/atelierencredible.fr\/wp-content\/uploads\/2023\/11\/les-toits-mockup-768x750.jpg 768w, https:\/\/atelierencredible.fr\/wp-content\/uploads\/2023\/11\/les-toits-mockup-1536x1500.jpg 1536w, https:\/\/atelierencredible.fr\/wp-content\/uploads\/2023\/11\/les-toits-mockup.jpg 1719w\" sizes=\"(max-width: 1024px) 100vw, 1024px\" \/><\/div>\n\t\t<\/a>\n\t\t\t\t<div class=\"elementor-post__text\">\n\t\t\t\t<\/div>\n\t\t\t\t<\/article>\n\t\t\t\t<article class=\"elementor-post elementor-grid-item post-1 post type-post status-publish format-standard has-post-thumbnail hentry category-illustration\" role=\"listitem\">\n\t\t\t\t<a class=\"elementor-post__thumbnail__link\" href=\"https:\/\/atelierencredible.fr\/index.php\/2023\/09\/28\/illustration-2\/\" tabindex=\"-1\" >\n\t\t\t<div class=\"elementor-post__thumbnail\"><img decoding=\"async\" width=\"1024\" height=\"1003\" src=\"https:\/\/atelierencredible.fr\/wp-content\/uploads\/2023\/10\/O35-1-2-1024x1003.jpg\" class=\"attachment-large size-large wp-image-151\" alt=\"Design graphique &amp; S\u00e9rigraphie.\" srcset=\"https:\/\/atelierencredible.fr\/wp-content\/uploads\/2023\/10\/O35-1-2-1024x1003.jpg 1024w, https:\/\/atelierencredible.fr\/wp-content\/uploads\/2023\/10\/O35-1-2-600x588.jpg 600w, https:\/\/atelierencredible.fr\/wp-content\/uploads\/2023\/10\/O35-1-2-300x294.jpg 300w, https:\/\/atelierencredible.fr\/wp-content\/uploads\/2023\/10\/O35-1-2-768x752.jpg 768w, https:\/\/atelierencredible.fr\/wp-content\/uploads\/2023\/10\/O35-1-2.jpg 1422w\" sizes=\"(max-width: 1024px) 100vw, 1024px\" \/><\/div>\n\t\t<\/a>\n\t\t\t\t<div class=\"elementor-post__text\">\n\t\t\t\t<\/div>\n\t\t\t\t<\/article>\n\t\t\t\t<\/div>\n\t\t\n\t\t\t\t\t\t<\/div>\n\t\t\t\t<\/div>\n\t\t\t\t<\/div>\n\t\t\t\t<\/div>\n\t\t","protected":false},"excerpt":{"rendered":"<p>PORTFOLIO D\u00e9couvrez nos r\u00e9alisations et laissez-vous emporter dans notre univers ! Tout Illustration Identit\u00e9 Visuelle \u00c9dition<\/p>\n","protected":false},"author":1,"featured_media":0,"parent":0,"menu_order":0,"comment_status":"closed","ping_status":"closed","template":"elementor_header_footer","meta":{"footnotes":""},"class_list":["post-300","page","type-page","status-publish","hentry"],"yoast_head":"<!-- This site is optimized with the Yoast SEO plugin v27.4 - https:\/\/yoast.com\/product\/yoast-seo-wordpress\/ -->\n<title>Portfolio illustrations - Atelier Encredible<\/title>\n<meta name=\"description\" content=\"Venez et plongez dans notre portfolio d&#039;illustrations, pour d\u00e9couvrir notre univers color\u00e9, via diff\u00e9rents projets clients.\" \/>\n<meta name=\"robots\" content=\"index, follow, max-snippet:-1, max-image-preview:large, max-video-preview:-1\" \/>\n<link rel=\"canonical\" href=\"https:\/\/atelierencredible.fr\/index.php\/portfolio-illustrations\/\" \/>\n<meta property=\"og:locale\" content=\"fr_FR\" \/>\n<meta property=\"og:type\" content=\"article\" \/>\n<meta property=\"og:title\" content=\"Portfolio illustrations - Atelier Encredible\" \/>\n<meta property=\"og:description\" content=\"Venez et plongez dans notre portfolio d&#039;illustrations, pour d\u00e9couvrir notre univers color\u00e9, via diff\u00e9rents projets clients.\" \/>\n<meta property=\"og:url\" content=\"https:\/\/atelierencredible.fr\/index.php\/portfolio-illustrations\/\" \/>\n<meta property=\"og:site_name\" content=\"Atelier Encredible\" \/>\n<meta property=\"article:modified_time\" content=\"2024-04-08T13:53:50+00:00\" \/>\n<meta property=\"og:image\" content=\"https:\/\/atelierencredible.fr\/wp-content\/uploads\/2023\/09\/cropped-logo-1.png\" \/>\n\t<meta property=\"og:image:width\" content=\"512\" \/>\n\t<meta property=\"og:image:height\" content=\"512\" \/>\n\t<meta property=\"og:image:type\" content=\"image\/png\" \/>\n<meta name=\"twitter:card\" content=\"summary_large_image\" \/>\n<script type=\"application\/ld+json\" class=\"yoast-schema-graph\">{\"@context\":\"https:\\\/\\\/schema.org\",\"@graph\":[{\"@type\":\"WebPage\",\"@id\":\"https:\\\/\\\/atelierencredible.fr\\\/index.php\\\/portfolio-illustrations\\\/\",\"url\":\"https:\\\/\\\/atelierencredible.fr\\\/index.php\\\/portfolio-illustrations\\\/\",\"name\":\"Portfolio illustrations - Atelier Encredible\",\"isPartOf\":{\"@id\":\"https:\\\/\\\/atelierencredible.fr\\\/#website\"},\"datePublished\":\"2023-10-24T12:02:11+00:00\",\"dateModified\":\"2024-04-08T13:53:50+00:00\",\"description\":\"Venez et plongez dans notre portfolio d'illustrations, pour d\u00e9couvrir notre univers color\u00e9, via diff\u00e9rents projets clients.\",\"breadcrumb\":{\"@id\":\"https:\\\/\\\/atelierencredible.fr\\\/index.php\\\/portfolio-illustrations\\\/#breadcrumb\"},\"inLanguage\":\"fr-FR\",\"potentialAction\":[{\"@type\":\"ReadAction\",\"target\":[\"https:\\\/\\\/atelierencredible.fr\\\/index.php\\\/portfolio-illustrations\\\/\"]}]},{\"@type\":\"BreadcrumbList\",\"@id\":\"https:\\\/\\\/atelierencredible.fr\\\/index.php\\\/portfolio-illustrations\\\/#breadcrumb\",\"itemListElement\":[{\"@type\":\"ListItem\",\"position\":1,\"name\":\"Accueil\",\"item\":\"https:\\\/\\\/atelierencredible.fr\\\/\"},{\"@type\":\"ListItem\",\"position\":2,\"name\":\"Portfolio &#8211; Illustration\"}]},{\"@type\":\"WebSite\",\"@id\":\"https:\\\/\\\/atelierencredible.fr\\\/#website\",\"url\":\"https:\\\/\\\/atelierencredible.fr\\\/\",\"name\":\"Atelier Encredible\",\"description\":\"Design Graphique &amp; S\u00e9rigraphie\",\"publisher\":{\"@id\":\"https:\\\/\\\/atelierencredible.fr\\\/#organization\"},\"potentialAction\":[{\"@type\":\"SearchAction\",\"target\":{\"@type\":\"EntryPoint\",\"urlTemplate\":\"https:\\\/\\\/atelierencredible.fr\\\/?s={search_term_string}\"},\"query-input\":{\"@type\":\"PropertyValueSpecification\",\"valueRequired\":true,\"valueName\":\"search_term_string\"}}],\"inLanguage\":\"fr-FR\"},{\"@type\":\"Organization\",\"@id\":\"https:\\\/\\\/atelierencredible.fr\\\/#organization\",\"name\":\"Atelier Encredible\",\"url\":\"https:\\\/\\\/atelierencredible.fr\\\/\",\"logo\":{\"@type\":\"ImageObject\",\"inLanguage\":\"fr-FR\",\"@id\":\"https:\\\/\\\/atelierencredible.fr\\\/#\\\/schema\\\/logo\\\/image\\\/\",\"url\":\"https:\\\/\\\/atelierencredible.fr\\\/wp-content\\\/uploads\\\/2023\\\/09\\\/cropped-logo.png\",\"contentUrl\":\"https:\\\/\\\/atelierencredible.fr\\\/wp-content\\\/uploads\\\/2023\\\/09\\\/cropped-logo.png\",\"width\":1423,\"height\":1389,\"caption\":\"Atelier Encredible\"},\"image\":{\"@id\":\"https:\\\/\\\/atelierencredible.fr\\\/#\\\/schema\\\/logo\\\/image\\\/\"},\"sameAs\":[\"https:\\\/\\\/www.instagram.com\\\/atelierencredible\\\/\"]}]}<\/script>\n<!-- \/ Yoast SEO plugin. -->","yoast_head_json":{"title":"Portfolio illustrations - Atelier Encredible","description":"Venez et plongez dans notre portfolio d'illustrations, pour d\u00e9couvrir notre univers color\u00e9, via diff\u00e9rents projets clients.","robots":{"index":"index","follow":"follow","max-snippet":"max-snippet:-1","max-image-preview":"max-image-preview:large","max-video-preview":"max-video-preview:-1"},"canonical":"https:\/\/atelierencredible.fr\/index.php\/portfolio-illustrations\/","og_locale":"fr_FR","og_type":"article","og_title":"Portfolio illustrations - Atelier Encredible","og_description":"Venez et plongez dans notre portfolio d'illustrations, pour d\u00e9couvrir notre univers color\u00e9, via diff\u00e9rents projets clients.","og_url":"https:\/\/atelierencredible.fr\/index.php\/portfolio-illustrations\/","og_site_name":"Atelier Encredible","article_modified_time":"2024-04-08T13:53:50+00:00","og_image":[{"width":512,"height":512,"url":"https:\/\/atelierencredible.fr\/wp-content\/uploads\/2023\/09\/cropped-logo-1.png","type":"image\/png"}],"twitter_card":"summary_large_image","schema":{"@context":"https:\/\/schema.org","@graph":[{"@type":"WebPage","@id":"https:\/\/atelierencredible.fr\/index.php\/portfolio-illustrations\/","url":"https:\/\/atelierencredible.fr\/index.php\/portfolio-illustrations\/","name":"Portfolio illustrations - Atelier Encredible","isPartOf":{"@id":"https:\/\/atelierencredible.fr\/#website"},"datePublished":"2023-10-24T12:02:11+00:00","dateModified":"2024-04-08T13:53:50+00:00","description":"Venez et plongez dans notre portfolio d'illustrations, pour d\u00e9couvrir notre univers color\u00e9, via diff\u00e9rents projets clients.","breadcrumb":{"@id":"https:\/\/atelierencredible.fr\/index.php\/portfolio-illustrations\/#breadcrumb"},"inLanguage":"fr-FR","potentialAction":[{"@type":"ReadAction","target":["https:\/\/atelierencredible.fr\/index.php\/portfolio-illustrations\/"]}]},{"@type":"BreadcrumbList","@id":"https:\/\/atelierencredible.fr\/index.php\/portfolio-illustrations\/#breadcrumb","itemListElement":[{"@type":"ListItem","position":1,"name":"Accueil","item":"https:\/\/atelierencredible.fr\/"},{"@type":"ListItem","position":2,"name":"Portfolio &#8211; Illustration"}]},{"@type":"WebSite","@id":"https:\/\/atelierencredible.fr\/#website","url":"https:\/\/atelierencredible.fr\/","name":"Atelier Encredible","description":"Design Graphique &amp; S\u00e9rigraphie","publisher":{"@id":"https:\/\/atelierencredible.fr\/#organization"},"potentialAction":[{"@type":"SearchAction","target":{"@type":"EntryPoint","urlTemplate":"https:\/\/atelierencredible.fr\/?s={search_term_string}"},"query-input":{"@type":"PropertyValueSpecification","valueRequired":true,"valueName":"search_term_string"}}],"inLanguage":"fr-FR"},{"@type":"Organization","@id":"https:\/\/atelierencredible.fr\/#organization","name":"Atelier Encredible","url":"https:\/\/atelierencredible.fr\/","logo":{"@type":"ImageObject","inLanguage":"fr-FR","@id":"https:\/\/atelierencredible.fr\/#\/schema\/logo\/image\/","url":"https:\/\/atelierencredible.fr\/wp-content\/uploads\/2023\/09\/cropped-logo.png","contentUrl":"https:\/\/atelierencredible.fr\/wp-content\/uploads\/2023\/09\/cropped-logo.png","width":1423,"height":1389,"caption":"Atelier Encredible"},"image":{"@id":"https:\/\/atelierencredible.fr\/#\/schema\/logo\/image\/"},"sameAs":["https:\/\/www.instagram.com\/atelierencredible\/"]}]}},"_links":{"self":[{"href":"https:\/\/atelierencredible.fr\/index.php\/wp-json\/wp\/v2\/pages\/300","targetHints":{"allow":["GET"]}}],"collection":[{"href":"https:\/\/atelierencredible.fr\/index.php\/wp-json\/wp\/v2\/pages"}],"about":[{"href":"https:\/\/atelierencredible.fr\/index.php\/wp-json\/wp\/v2\/types\/page"}],"author":[{"embeddable":true,"href":"https:\/\/atelierencredible.fr\/index.php\/wp-json\/wp\/v2\/users\/1"}],"replies":[{"embeddable":true,"href":"https:\/\/atelierencredible.fr\/index.php\/wp-json\/wp\/v2\/comments?post=300"}],"version-history":[{"count":25,"href":"https:\/\/atelierencredible.fr\/index.php\/wp-json\/wp\/v2\/pages\/300\/revisions"}],"predecessor-version":[{"id":2654,"href":"https:\/\/atelierencredible.fr\/index.php\/wp-json\/wp\/v2\/pages\/300\/revisions\/2654"}],"wp:attachment":[{"href":"https:\/\/atelierencredible.fr\/index.php\/wp-json\/wp\/v2\/media?parent=300"}],"curies":[{"name":"wp","href":"https:\/\/api.w.org\/{rel}","templated":true}]}}