{"id":14,"date":"2023-09-29T08:25:10","date_gmt":"2023-09-29T06:25:10","guid":{"rendered":"http:\/\/atelierencredible.fr\/?page_id=14"},"modified":"2026-04-20T16:58:59","modified_gmt":"2026-04-20T14:58:59","slug":"notre-atelier","status":"publish","type":"page","link":"https:\/\/atelierencredible.fr\/index.php\/notre-atelier\/","title":{"rendered":"L&rsquo;atelier"},"content":{"rendered":"\t\t<div data-elementor-type=\"wp-page\" data-elementor-id=\"14\" class=\"elementor elementor-14\" data-elementor-post-type=\"page\">\n\t\t\t\t<div class=\"elementor-element elementor-element-5fab95d e-flex e-con-boxed e-con e-parent\" data-id=\"5fab95d\" data-element_type=\"container\" data-e-type=\"container\" data-settings=\"{&quot;background_background&quot;:&quot;classic&quot;}\">\n\t\t\t\t\t<div class=\"e-con-inner\">\n\t\t<div class=\"elementor-element elementor-element-4cc0d07 e-con-full e-flex e-con e-child\" data-id=\"4cc0d07\" data-element_type=\"container\" data-e-type=\"container\">\n\t\t\t\t<div class=\"elementor-element elementor-element-6a895eb elementor-widget elementor-widget-image\" data-id=\"6a895eb\" data-element_type=\"widget\" data-e-type=\"widget\" data-widget_type=\"image.default\">\n\t\t\t\t<div class=\"elementor-widget-container\">\n\t\t\t\t\t\t\t\t\t\t\t\t\t\t\t<img fetchpriority=\"high\" decoding=\"async\" width=\"712\" height=\"697\" src=\"https:\/\/atelierencredible.fr\/wp-content\/uploads\/2023\/11\/velo.jpg\" class=\"attachment-large size-large wp-image-569\" alt=\"Design graphique &amp; S\u00e9rigraphie.\" srcset=\"https:\/\/atelierencredible.fr\/wp-content\/uploads\/2023\/11\/velo.jpg 712w, https:\/\/atelierencredible.fr\/wp-content\/uploads\/2023\/11\/velo-600x587.jpg 600w, https:\/\/atelierencredible.fr\/wp-content\/uploads\/2023\/11\/velo-300x294.jpg 300w\" sizes=\"(max-width: 712px) 100vw, 712px\" \/>\t\t\t\t\t\t\t\t\t\t\t\t\t\t\t<\/div>\n\t\t\t\t<\/div>\n\t\t\t\t<\/div>\n\t\t<div class=\"elementor-element elementor-element-597548e e-con-full e-flex e-con e-child\" data-id=\"597548e\" data-element_type=\"container\" data-e-type=\"container\">\n\t\t\t\t<div class=\"elementor-element elementor-element-8717582 elementor-widget elementor-widget-heading\" data-id=\"8717582\" data-element_type=\"widget\" data-e-type=\"widget\" data-widget_type=\"heading.default\">\n\t\t\t\t<div class=\"elementor-widget-container\">\n\t\t\t\t\t<h2 class=\"elementor-heading-title elementor-size-default\">QUI SOMMES <\/h2>\t\t\t\t<\/div>\n\t\t\t\t<\/div>\n\t\t\t\t<div class=\"elementor-element elementor-element-c203823 elementor-widget elementor-widget-heading\" data-id=\"c203823\" data-element_type=\"widget\" data-e-type=\"widget\" data-widget_type=\"heading.default\">\n\t\t\t\t<div class=\"elementor-widget-container\">\n\t\t\t\t\t<h2 class=\"elementor-heading-title elementor-size-default\">nous ?<\/h2>\t\t\t\t<\/div>\n\t\t\t\t<\/div>\n\t\t\t\t<div class=\"elementor-element elementor-element-4e3f189 elementor-widget elementor-widget-text-editor\" data-id=\"4e3f189\" data-element_type=\"widget\" data-e-type=\"widget\" data-widget_type=\"text-editor.default\">\n\t\t\t\t<div class=\"elementor-widget-container\">\n\t\t\t\t\t\t\t\t\t<p>Nous sommes Sarah &amp; Z\u00e9lie, designers graphiques, s\u00e9rigraphes et\u00a0 v\u00e9ritables chimistes des couleurs ! Nos passions communes pour les couleurs, les typographies et les textures, nous ont donn\u00e9 envie de cr\u00e9er un univers enjou\u00e9 et bienveillant pour faire \u00e9merger les projets qui vous ressemblent ! Bienvenue dans notre atelier !<\/p>\t\t\t\t\t\t\t\t<\/div>\n\t\t\t\t<\/div>\n\t\t\t\t<\/div>\n\t\t\t\t\t<\/div>\n\t\t\t\t<\/div>\n\t\t<div class=\"elementor-element elementor-element-169aad2 e-flex e-con-boxed e-con e-parent\" data-id=\"169aad2\" data-element_type=\"container\" data-e-type=\"container\">\n\t\t\t\t\t<div class=\"e-con-inner\">\n\t\t\t\t<div class=\"elementor-element elementor-element-7ba43bd elementor-widget elementor-widget-heading\" data-id=\"7ba43bd\" data-element_type=\"widget\" data-e-type=\"widget\" data-widget_type=\"heading.default\">\n\t\t\t\t<div class=\"elementor-widget-container\">\n\t\t\t\t\t<h2 class=\"elementor-heading-title elementor-size-default\">NOTRE DUO\n<\/h2>\t\t\t\t<\/div>\n\t\t\t\t<\/div>\n\t\t\t\t<div class=\"elementor-element elementor-element-b63b573 elementor-widget elementor-widget-heading\" data-id=\"b63b573\" data-element_type=\"widget\" data-e-type=\"widget\" data-widget_type=\"heading.default\">\n\t\t\t\t<div class=\"elementor-widget-container\">\n\t\t\t\t\t<h2 class=\"elementor-heading-title elementor-size-default\">de choc<\/h2>\t\t\t\t<\/div>\n\t\t\t\t<\/div>\n\t\t\t\t\t<\/div>\n\t\t\t\t<\/div>\n\t\t<div class=\"elementor-element elementor-element-1fda53c e-flex e-con-boxed e-con e-parent\" data-id=\"1fda53c\" data-element_type=\"container\" data-e-type=\"container\">\n\t\t\t\t\t<div class=\"e-con-inner\">\n\t\t\t\t<div class=\"elementor-element elementor-element-54c3629 elementor-widget elementor-widget-image\" data-id=\"54c3629\" data-element_type=\"widget\" data-e-type=\"widget\" data-widget_type=\"image.default\">\n\t\t\t\t<div class=\"elementor-widget-container\">\n\t\t\t\t\t\t\t\t\t\t\t\t\t\t\t<img decoding=\"async\" width=\"853\" height=\"853\" src=\"https:\/\/atelierencredible.fr\/wp-content\/uploads\/2023\/10\/sarah.jpg\" class=\"attachment-large size-large wp-image-275\" alt=\"Portrait \u00e0 l&#039;atelier\" srcset=\"https:\/\/atelierencredible.fr\/wp-content\/uploads\/2023\/10\/sarah.jpg 853w, https:\/\/atelierencredible.fr\/wp-content\/uploads\/2023\/10\/sarah-300x300.jpg 300w, https:\/\/atelierencredible.fr\/wp-content\/uploads\/2023\/10\/sarah-100x100.jpg 100w, https:\/\/atelierencredible.fr\/wp-content\/uploads\/2023\/10\/sarah-600x600.jpg 600w, https:\/\/atelierencredible.fr\/wp-content\/uploads\/2023\/10\/sarah-150x150.jpg 150w, https:\/\/atelierencredible.fr\/wp-content\/uploads\/2023\/10\/sarah-768x768.jpg 768w\" sizes=\"(max-width: 853px) 100vw, 853px\" \/>\t\t\t\t\t\t\t\t\t\t\t\t\t\t\t<\/div>\n\t\t\t\t<\/div>\n\t\t\t\t<div class=\"elementor-element elementor-element-56dd339 elementor-widget elementor-widget-image\" data-id=\"56dd339\" data-element_type=\"widget\" data-e-type=\"widget\" data-widget_type=\"image.default\">\n\t\t\t\t<div class=\"elementor-widget-container\">\n\t\t\t\t\t\t\t\t\t\t\t\t\t\t\t<img decoding=\"async\" width=\"853\" height=\"853\" src=\"https:\/\/atelierencredible.fr\/wp-content\/uploads\/2023\/10\/zelie.jpg\" class=\"attachment-large size-large wp-image-276\" alt=\"Portrait \u00e0 l&#039;atelier\" srcset=\"https:\/\/atelierencredible.fr\/wp-content\/uploads\/2023\/10\/zelie.jpg 853w, https:\/\/atelierencredible.fr\/wp-content\/uploads\/2023\/10\/zelie-300x300.jpg 300w, https:\/\/atelierencredible.fr\/wp-content\/uploads\/2023\/10\/zelie-100x100.jpg 100w, https:\/\/atelierencredible.fr\/wp-content\/uploads\/2023\/10\/zelie-600x600.jpg 600w, https:\/\/atelierencredible.fr\/wp-content\/uploads\/2023\/10\/zelie-150x150.jpg 150w, https:\/\/atelierencredible.fr\/wp-content\/uploads\/2023\/10\/zelie-768x768.jpg 768w\" sizes=\"(max-width: 853px) 100vw, 853px\" \/>\t\t\t\t\t\t\t\t\t\t\t\t\t\t\t<\/div>\n\t\t\t\t<\/div>\n\t\t\t\t\t<\/div>\n\t\t\t\t<\/div>\n\t\t<div class=\"elementor-element elementor-element-830811e e-flex e-con-boxed e-con e-parent\" data-id=\"830811e\" data-element_type=\"container\" data-e-type=\"container\">\n\t\t\t\t\t<div class=\"e-con-inner\">\n\t\t<div class=\"elementor-element elementor-element-7b0a3d1 e-con-full e-flex e-con e-child\" data-id=\"7b0a3d1\" data-element_type=\"container\" data-e-type=\"container\">\n\t\t\t\t<div class=\"elementor-element elementor-element-3baa5e7 elementor-widget elementor-widget-heading\" data-id=\"3baa5e7\" data-element_type=\"widget\" data-e-type=\"widget\" data-widget_type=\"heading.default\">\n\t\t\t\t<div class=\"elementor-widget-container\">\n\t\t\t\t\t<h2 class=\"elementor-heading-title elementor-size-default\">Sarah<\/h2>\t\t\t\t<\/div>\n\t\t\t\t<\/div>\n\t\t\t\t<div class=\"elementor-element elementor-element-fd0fabf elementor-widget elementor-widget-text-editor\" data-id=\"fd0fabf\" data-element_type=\"widget\" data-e-type=\"widget\" data-widget_type=\"text-editor.default\">\n\t\t\t\t<div class=\"elementor-widget-container\">\n\t\t\t\t\t\t\t\t\t<p>\u00ab\u00a0C\u2019est \u00e0 partir du paysage que je cr\u00e9er. J\u2019envisage ma pratique artistique comme un espace d\u2019\u00e9change, cr\u00e9ateur de liens, en utilisant les environnements comme inspiration, qu\u2019ils soient imaginaires, r\u00e9els, int\u00e9rieurs, ou r\u00eav\u00e9s.\u00a0\u00bb<\/p>\t\t\t\t\t\t\t\t<\/div>\n\t\t\t\t<\/div>\n\t\t\t\t<\/div>\n\t\t<div class=\"elementor-element elementor-element-3157c38 e-con-full e-flex e-con e-child\" data-id=\"3157c38\" data-element_type=\"container\" data-e-type=\"container\">\n\t\t\t\t<div class=\"elementor-element elementor-element-3583742 elementor-widget elementor-widget-heading\" data-id=\"3583742\" data-element_type=\"widget\" data-e-type=\"widget\" data-widget_type=\"heading.default\">\n\t\t\t\t<div class=\"elementor-widget-container\">\n\t\t\t\t\t<h2 class=\"elementor-heading-title elementor-size-default\">Z\u00e9lie<\/h2>\t\t\t\t<\/div>\n\t\t\t\t<\/div>\n\t\t\t\t<div class=\"elementor-element elementor-element-ad01d36 elementor-widget elementor-widget-text-editor\" data-id=\"ad01d36\" data-element_type=\"widget\" data-e-type=\"widget\" data-widget_type=\"text-editor.default\">\n\t\t\t\t<div class=\"elementor-widget-container\">\n\t\t\t\t\t\t\t\t\t<p>\u00ab\u00a0Attir\u00e9e par les grands espaces, j\u2019explore les teintes et les paysages que je traverse, pour cr\u00e9er des \u0153uvres pleines de formes et de couleurs. J\u2019envisage ma pratique comme un terrain d\u2019exp\u00e9rimentations visuelles, o\u00f9 la spontan\u00e9it\u00e9 occupe une place centrale.\u00a0\u00bb<\/p>\t\t\t\t\t\t\t\t<\/div>\n\t\t\t\t<\/div>\n\t\t\t\t<\/div>\n\t\t\t\t\t<\/div>\n\t\t\t\t<\/div>\n\t\t<div class=\"elementor-element elementor-element-1cece4d e-con-full e-flex e-con e-parent\" data-id=\"1cece4d\" data-element_type=\"container\" data-e-type=\"container\" data-settings=\"{&quot;background_background&quot;:&quot;classic&quot;}\">\n\t\t<div class=\"elementor-element elementor-element-a4d5b6a e-con-full e-flex e-con e-child\" data-id=\"a4d5b6a\" data-element_type=\"container\" data-e-type=\"container\" data-settings=\"{&quot;background_background&quot;:&quot;classic&quot;}\">\n\t\t\t\t<div class=\"elementor-element elementor-element-8e44f85 elementor-widget elementor-widget-heading\" data-id=\"8e44f85\" data-element_type=\"widget\" data-e-type=\"widget\" data-widget_type=\"heading.default\">\n\t\t\t\t<div class=\"elementor-widget-container\">\n\t\t\t\t\t<h2 class=\"elementor-heading-title elementor-size-default\">NOTRE<\/h2>\t\t\t\t<\/div>\n\t\t\t\t<\/div>\n\t\t\t\t<div class=\"elementor-element elementor-element-9ba765b elementor-widget elementor-widget-heading\" data-id=\"9ba765b\" data-element_type=\"widget\" data-e-type=\"widget\" data-widget_type=\"heading.default\">\n\t\t\t\t<div class=\"elementor-widget-container\">\n\t\t\t\t\t<h2 class=\"elementor-heading-title elementor-size-default\">parcours<\/h2>\t\t\t\t<\/div>\n\t\t\t\t<\/div>\n\t\t\t\t<div class=\"elementor-element elementor-element-3359f14 elementor-widget elementor-widget-text-editor\" data-id=\"3359f14\" data-element_type=\"widget\" data-e-type=\"widget\" data-widget_type=\"text-editor.default\">\n\t\t\t\t<div class=\"elementor-widget-container\">\n\t\t\t\t\t\t\t\t\t<p>Nous nous sommes rencontr\u00e9es pendant nos \u00e9tudes \u00e0 Nantes, apr\u00e8s un bachelor en Design Graphique et un master en Innovation Alimentaire et en Brand Design, nous avons eu envie de r\u00e9unir nos comp\u00e9tences et nos passions pour travailler ensemble et ouvrir notre atelier.<\/p><p>L\u2019envie de travailler la mati\u00e8re, la couleur et de ne pas \u00eatre constamment derri\u00e8re un ordinateur, nous pousse \u00e0 essayer une multitude de techniques et de rendus. Des recherches que nous puisons dans notre quotidien, un carnet de dessin toujours \u00e0 la main.<\/p>\t\t\t\t\t\t\t\t<\/div>\n\t\t\t\t<\/div>\n\t\t\t\t<div class=\"elementor-element elementor-element-04ab79e elementor-widget elementor-widget-text-editor\" data-id=\"04ab79e\" data-element_type=\"widget\" data-e-type=\"widget\" data-widget_type=\"text-editor.default\">\n\t\t\t\t<div class=\"elementor-widget-container\">\n\t\t\t\t\t\t\t\t\t<p>Le faire ensemble et le collectif faisant partie de nos valeurs, nous avons cherch\u00e9 des moyens pour l\u2019int\u00e9grer un peu plus \u00e0 notre travail. C\u2019est ce qui nous a pouss\u00e9es \u00e0 rejoindre une coop\u00e9rative d\u2019activit\u00e9 d\u2019emploi (CAE) pour les m\u00e9tiers culturels et cr\u00e9atifs :<span style=\"color: #a33d16;\"> <a style=\"color: #a33d16;\" href=\"https:\/\/www.oz-coop.fr\/\" target=\"_blank\" rel=\"noopener\">OZ<\/a><\/span>. Cela nous permet de mutualiser des comp\u00e9tences et services, pour nous permettre de nous concentrer sur nos activit\u00e9s.<\/p>\t\t\t\t\t\t\t\t<\/div>\n\t\t\t\t<\/div>\n\t\t\t\t<\/div>\n\t\t<div class=\"elementor-element elementor-element-51f16c5 e-con-full e-flex e-con e-child\" data-id=\"51f16c5\" data-element_type=\"container\" data-e-type=\"container\">\n\t\t\t\t<div class=\"elementor-element elementor-element-c1dab7a elementor-widget elementor-widget-image\" data-id=\"c1dab7a\" data-element_type=\"widget\" data-e-type=\"widget\" data-widget_type=\"image.default\">\n\t\t\t\t<div class=\"elementor-widget-container\">\n\t\t\t\t\t\t\t\t\t\t\t\t\t\t\t<img loading=\"lazy\" decoding=\"async\" width=\"819\" height=\"1024\" src=\"https:\/\/atelierencredible.fr\/wp-content\/uploads\/2026\/03\/insta-nous_Plan-de-travail-1-copie-27-819x1024.jpg\" class=\"attachment-large size-large wp-image-3315\" alt=\"\" srcset=\"https:\/\/atelierencredible.fr\/wp-content\/uploads\/2026\/03\/insta-nous_Plan-de-travail-1-copie-27-819x1024.jpg 819w, https:\/\/atelierencredible.fr\/wp-content\/uploads\/2026\/03\/insta-nous_Plan-de-travail-1-copie-27-240x300.jpg 240w, https:\/\/atelierencredible.fr\/wp-content\/uploads\/2026\/03\/insta-nous_Plan-de-travail-1-copie-27-768x960.jpg 768w, https:\/\/atelierencredible.fr\/wp-content\/uploads\/2026\/03\/insta-nous_Plan-de-travail-1-copie-27-1229x1536.jpg 1229w, https:\/\/atelierencredible.fr\/wp-content\/uploads\/2026\/03\/insta-nous_Plan-de-travail-1-copie-27-1638x2048.jpg 1638w, https:\/\/atelierencredible.fr\/wp-content\/uploads\/2026\/03\/insta-nous_Plan-de-travail-1-copie-27-600x750.jpg 600w, https:\/\/atelierencredible.fr\/wp-content\/uploads\/2026\/03\/insta-nous_Plan-de-travail-1-copie-27-scaled.jpg 2048w\" sizes=\"(max-width: 819px) 100vw, 819px\" \/>\t\t\t\t\t\t\t\t\t\t\t\t\t\t\t<\/div>\n\t\t\t\t<\/div>\n\t\t\t\t<\/div>\n\t\t\t\t<\/div>\n\t\t\t\t<\/div>\n\t\t","protected":false},"excerpt":{"rendered":"<p>QUI SOMMES nous ? Nous sommes Sarah &amp; Z\u00e9lie, designers graphiques, s\u00e9rigraphes et\u00a0 v\u00e9ritables chimistes des couleurs ! Nos passions communes pour les couleurs, les typographies et les textures, nous ont donn\u00e9 envie de cr\u00e9er un univers enjou\u00e9 et bienveillant pour faire \u00e9merger les projets qui vous ressemblent ! Bienvenue dans notre atelier ! NOTRE [&hellip;]<\/p>\n","protected":false},"author":1,"featured_media":0,"parent":0,"menu_order":0,"comment_status":"closed","ping_status":"closed","template":"elementor_header_footer","meta":{"footnotes":""},"class_list":["post-14","page","type-page","status-publish","hentry"],"yoast_head":"<!-- This site is optimized with the Yoast SEO plugin v27.4 - https:\/\/yoast.com\/product\/yoast-seo-wordpress\/ -->\n<title>Notre atelier - Atelier Encredible<\/title>\n<meta name=\"description\" content=\"Nous sommes Sarah &amp; Z\u00e9lie, designers graphiques et s\u00e9rigraphes, v\u00e9ritables chimistes des couleurs ! Bienvenue dans notre atelier !\" \/>\n<meta name=\"robots\" content=\"index, follow, max-snippet:-1, max-image-preview:large, max-video-preview:-1\" \/>\n<link rel=\"canonical\" href=\"https:\/\/atelierencredible.fr\/index.php\/notre-atelier\/\" \/>\n<meta property=\"og:locale\" content=\"fr_FR\" \/>\n<meta property=\"og:type\" content=\"article\" \/>\n<meta property=\"og:title\" content=\"Notre atelier - Atelier Encredible\" \/>\n<meta property=\"og:description\" content=\"Nous sommes Sarah &amp; Z\u00e9lie, designers graphiques et s\u00e9rigraphes, v\u00e9ritables chimistes des couleurs ! Bienvenue dans notre atelier !\" \/>\n<meta property=\"og:url\" content=\"https:\/\/atelierencredible.fr\/index.php\/notre-atelier\/\" \/>\n<meta property=\"og:site_name\" content=\"Atelier Encredible\" \/>\n<meta property=\"article:modified_time\" content=\"2026-04-20T14:58:59+00:00\" \/>\n<meta property=\"og:image\" content=\"https:\/\/atelierencredible.fr\/wp-content\/uploads\/2023\/11\/velo.jpg\" \/>\n\t<meta property=\"og:image:width\" content=\"712\" \/>\n\t<meta property=\"og:image:height\" content=\"697\" \/>\n\t<meta property=\"og:image:type\" content=\"image\/jpeg\" \/>\n<meta name=\"twitter:card\" content=\"summary_large_image\" \/>\n<script type=\"application\/ld+json\" class=\"yoast-schema-graph\">{\"@context\":\"https:\\\/\\\/schema.org\",\"@graph\":[{\"@type\":\"WebPage\",\"@id\":\"https:\\\/\\\/atelierencredible.fr\\\/index.php\\\/notre-atelier\\\/\",\"url\":\"https:\\\/\\\/atelierencredible.fr\\\/index.php\\\/notre-atelier\\\/\",\"name\":\"Notre atelier - Atelier Encredible\",\"isPartOf\":{\"@id\":\"https:\\\/\\\/atelierencredible.fr\\\/#website\"},\"primaryImageOfPage\":{\"@id\":\"https:\\\/\\\/atelierencredible.fr\\\/index.php\\\/notre-atelier\\\/#primaryimage\"},\"image\":{\"@id\":\"https:\\\/\\\/atelierencredible.fr\\\/index.php\\\/notre-atelier\\\/#primaryimage\"},\"thumbnailUrl\":\"https:\\\/\\\/atelierencredible.fr\\\/wp-content\\\/uploads\\\/2023\\\/11\\\/velo.jpg\",\"datePublished\":\"2023-09-29T06:25:10+00:00\",\"dateModified\":\"2026-04-20T14:58:59+00:00\",\"description\":\"Nous sommes Sarah & Z\u00e9lie, designers graphiques et s\u00e9rigraphes, v\u00e9ritables chimistes des couleurs ! Bienvenue dans notre atelier !\",\"breadcrumb\":{\"@id\":\"https:\\\/\\\/atelierencredible.fr\\\/index.php\\\/notre-atelier\\\/#breadcrumb\"},\"inLanguage\":\"fr-FR\",\"potentialAction\":[{\"@type\":\"ReadAction\",\"target\":[\"https:\\\/\\\/atelierencredible.fr\\\/index.php\\\/notre-atelier\\\/\"]}]},{\"@type\":\"ImageObject\",\"inLanguage\":\"fr-FR\",\"@id\":\"https:\\\/\\\/atelierencredible.fr\\\/index.php\\\/notre-atelier\\\/#primaryimage\",\"url\":\"https:\\\/\\\/atelierencredible.fr\\\/wp-content\\\/uploads\\\/2023\\\/11\\\/velo.jpg\",\"contentUrl\":\"https:\\\/\\\/atelierencredible.fr\\\/wp-content\\\/uploads\\\/2023\\\/11\\\/velo.jpg\",\"width\":712,\"height\":697,\"caption\":\"Design graphique & S\u00e9rigraphie.\"},{\"@type\":\"BreadcrumbList\",\"@id\":\"https:\\\/\\\/atelierencredible.fr\\\/index.php\\\/notre-atelier\\\/#breadcrumb\",\"itemListElement\":[{\"@type\":\"ListItem\",\"position\":1,\"name\":\"Accueil\",\"item\":\"https:\\\/\\\/atelierencredible.fr\\\/\"},{\"@type\":\"ListItem\",\"position\":2,\"name\":\"L&rsquo;atelier\"}]},{\"@type\":\"WebSite\",\"@id\":\"https:\\\/\\\/atelierencredible.fr\\\/#website\",\"url\":\"https:\\\/\\\/atelierencredible.fr\\\/\",\"name\":\"Atelier Encredible\",\"description\":\"Design Graphique &amp; S\u00e9rigraphie\",\"publisher\":{\"@id\":\"https:\\\/\\\/atelierencredible.fr\\\/#organization\"},\"potentialAction\":[{\"@type\":\"SearchAction\",\"target\":{\"@type\":\"EntryPoint\",\"urlTemplate\":\"https:\\\/\\\/atelierencredible.fr\\\/?s={search_term_string}\"},\"query-input\":{\"@type\":\"PropertyValueSpecification\",\"valueRequired\":true,\"valueName\":\"search_term_string\"}}],\"inLanguage\":\"fr-FR\"},{\"@type\":\"Organization\",\"@id\":\"https:\\\/\\\/atelierencredible.fr\\\/#organization\",\"name\":\"Atelier Encredible\",\"url\":\"https:\\\/\\\/atelierencredible.fr\\\/\",\"logo\":{\"@type\":\"ImageObject\",\"inLanguage\":\"fr-FR\",\"@id\":\"https:\\\/\\\/atelierencredible.fr\\\/#\\\/schema\\\/logo\\\/image\\\/\",\"url\":\"https:\\\/\\\/atelierencredible.fr\\\/wp-content\\\/uploads\\\/2023\\\/09\\\/cropped-logo.png\",\"contentUrl\":\"https:\\\/\\\/atelierencredible.fr\\\/wp-content\\\/uploads\\\/2023\\\/09\\\/cropped-logo.png\",\"width\":1423,\"height\":1389,\"caption\":\"Atelier Encredible\"},\"image\":{\"@id\":\"https:\\\/\\\/atelierencredible.fr\\\/#\\\/schema\\\/logo\\\/image\\\/\"},\"sameAs\":[\"https:\\\/\\\/www.instagram.com\\\/atelierencredible\\\/\"]}]}<\/script>\n<!-- \/ Yoast SEO plugin. -->","yoast_head_json":{"title":"Notre atelier - Atelier Encredible","description":"Nous sommes Sarah & Z\u00e9lie, designers graphiques et s\u00e9rigraphes, v\u00e9ritables chimistes des couleurs ! Bienvenue dans notre atelier !","robots":{"index":"index","follow":"follow","max-snippet":"max-snippet:-1","max-image-preview":"max-image-preview:large","max-video-preview":"max-video-preview:-1"},"canonical":"https:\/\/atelierencredible.fr\/index.php\/notre-atelier\/","og_locale":"fr_FR","og_type":"article","og_title":"Notre atelier - Atelier Encredible","og_description":"Nous sommes Sarah & Z\u00e9lie, designers graphiques et s\u00e9rigraphes, v\u00e9ritables chimistes des couleurs ! Bienvenue dans notre atelier !","og_url":"https:\/\/atelierencredible.fr\/index.php\/notre-atelier\/","og_site_name":"Atelier Encredible","article_modified_time":"2026-04-20T14:58:59+00:00","og_image":[{"width":712,"height":697,"url":"https:\/\/atelierencredible.fr\/wp-content\/uploads\/2023\/11\/velo.jpg","type":"image\/jpeg"}],"twitter_card":"summary_large_image","schema":{"@context":"https:\/\/schema.org","@graph":[{"@type":"WebPage","@id":"https:\/\/atelierencredible.fr\/index.php\/notre-atelier\/","url":"https:\/\/atelierencredible.fr\/index.php\/notre-atelier\/","name":"Notre atelier - Atelier Encredible","isPartOf":{"@id":"https:\/\/atelierencredible.fr\/#website"},"primaryImageOfPage":{"@id":"https:\/\/atelierencredible.fr\/index.php\/notre-atelier\/#primaryimage"},"image":{"@id":"https:\/\/atelierencredible.fr\/index.php\/notre-atelier\/#primaryimage"},"thumbnailUrl":"https:\/\/atelierencredible.fr\/wp-content\/uploads\/2023\/11\/velo.jpg","datePublished":"2023-09-29T06:25:10+00:00","dateModified":"2026-04-20T14:58:59+00:00","description":"Nous sommes Sarah & Z\u00e9lie, designers graphiques et s\u00e9rigraphes, v\u00e9ritables chimistes des couleurs ! Bienvenue dans notre atelier !","breadcrumb":{"@id":"https:\/\/atelierencredible.fr\/index.php\/notre-atelier\/#breadcrumb"},"inLanguage":"fr-FR","potentialAction":[{"@type":"ReadAction","target":["https:\/\/atelierencredible.fr\/index.php\/notre-atelier\/"]}]},{"@type":"ImageObject","inLanguage":"fr-FR","@id":"https:\/\/atelierencredible.fr\/index.php\/notre-atelier\/#primaryimage","url":"https:\/\/atelierencredible.fr\/wp-content\/uploads\/2023\/11\/velo.jpg","contentUrl":"https:\/\/atelierencredible.fr\/wp-content\/uploads\/2023\/11\/velo.jpg","width":712,"height":697,"caption":"Design graphique & S\u00e9rigraphie."},{"@type":"BreadcrumbList","@id":"https:\/\/atelierencredible.fr\/index.php\/notre-atelier\/#breadcrumb","itemListElement":[{"@type":"ListItem","position":1,"name":"Accueil","item":"https:\/\/atelierencredible.fr\/"},{"@type":"ListItem","position":2,"name":"L&rsquo;atelier"}]},{"@type":"WebSite","@id":"https:\/\/atelierencredible.fr\/#website","url":"https:\/\/atelierencredible.fr\/","name":"Atelier Encredible","description":"Design Graphique &amp; S\u00e9rigraphie","publisher":{"@id":"https:\/\/atelierencredible.fr\/#organization"},"potentialAction":[{"@type":"SearchAction","target":{"@type":"EntryPoint","urlTemplate":"https:\/\/atelierencredible.fr\/?s={search_term_string}"},"query-input":{"@type":"PropertyValueSpecification","valueRequired":true,"valueName":"search_term_string"}}],"inLanguage":"fr-FR"},{"@type":"Organization","@id":"https:\/\/atelierencredible.fr\/#organization","name":"Atelier Encredible","url":"https:\/\/atelierencredible.fr\/","logo":{"@type":"ImageObject","inLanguage":"fr-FR","@id":"https:\/\/atelierencredible.fr\/#\/schema\/logo\/image\/","url":"https:\/\/atelierencredible.fr\/wp-content\/uploads\/2023\/09\/cropped-logo.png","contentUrl":"https:\/\/atelierencredible.fr\/wp-content\/uploads\/2023\/09\/cropped-logo.png","width":1423,"height":1389,"caption":"Atelier Encredible"},"image":{"@id":"https:\/\/atelierencredible.fr\/#\/schema\/logo\/image\/"},"sameAs":["https:\/\/www.instagram.com\/atelierencredible\/"]}]}},"_links":{"self":[{"href":"https:\/\/atelierencredible.fr\/index.php\/wp-json\/wp\/v2\/pages\/14","targetHints":{"allow":["GET"]}}],"collection":[{"href":"https:\/\/atelierencredible.fr\/index.php\/wp-json\/wp\/v2\/pages"}],"about":[{"href":"https:\/\/atelierencredible.fr\/index.php\/wp-json\/wp\/v2\/types\/page"}],"author":[{"embeddable":true,"href":"https:\/\/atelierencredible.fr\/index.php\/wp-json\/wp\/v2\/users\/1"}],"replies":[{"embeddable":true,"href":"https:\/\/atelierencredible.fr\/index.php\/wp-json\/wp\/v2\/comments?post=14"}],"version-history":[{"count":334,"href":"https:\/\/atelierencredible.fr\/index.php\/wp-json\/wp\/v2\/pages\/14\/revisions"}],"predecessor-version":[{"id":3419,"href":"https:\/\/atelierencredible.fr\/index.php\/wp-json\/wp\/v2\/pages\/14\/revisions\/3419"}],"wp:attachment":[{"href":"https:\/\/atelierencredible.fr\/index.php\/wp-json\/wp\/v2\/media?parent=14"}],"curies":[{"name":"wp","href":"https:\/\/api.w.org\/{rel}","templated":true}]}}